{"id":51448,"date":"2025-11-15T19:05:26","date_gmt":"2025-11-15T19:05:26","guid":{"rendered":"https:\/\/galgosenfamilia.org\/?post_type=product&#038;p=51448"},"modified":"2025-11-15T19:09:38","modified_gmt":"2025-11-15T19:09:38","slug":"linan","status":"publish","type":"product","link":"https:\/\/galgosenfamilia.org\/en\/galgos\/linan\/","title":{"rendered":"LI\u00d1\u00c1N"},"content":{"rendered":"<p>Li\u00f1\u00e1n comes from Malaga together with Mart\u00edn and L\u00f3pez.<\/p>\n<p>Li\u00f1\u00e1n is a little more shy than his companions Mart\u00edn and L\u00f3pez, especially with strangers, but we hope that he will gradually gain confidence. He gets on very well with other dogs, both male and female.<\/p>\n<p>Li\u00f1\u00e1n needs to find the family and home he has not yet had. Would you like to be his family? Write to us at adopcionesesp@gmail.com. Adopt Li\u00f1\u00e1n!<\/p>\n","protected":false},"excerpt":{"rendered":"<p>Name: LI\u00d1AN<br \/>\nSex: MALE<br \/>\nAge: 31\/05\/2023<br \/>\nCharacter: CAUTIOUS, SOCIABLE WITH DOGS<br \/>\nBreed: GALGO<\/p>\n","protected":false},"featured_media":51433,"template":"","meta":[],"product_brand":[],"product_cat":[184],"product_tag":[],"class_list":{"0":"post-51448","1":"product","2":"type-product","3":"status-publish","4":"has-post-thumbnail","6":"product_cat-adopted","8":"first","9":"instock","10":"taxable","11":"shipping-taxable","12":"product-type-simple"},"yoast_head":"<!-- This site is optimized with the Yoast SEO plugin v27.0 - https:\/\/yoast.com\/product\/yoast-seo-wordpress\/ -->\n<title>LI\u00d1\u00c1N - Galgos en Familia<\/title>\n<meta name=\"description\" content=\"Li\u00f1\u00e1n for adoption, galgo, male, shy,\" \/>\n<meta name=\"robots\" content=\"index, follow, max-snippet:-1, max-image-preview:large, max-video-preview:-1\" \/>\n<link rel=\"canonical\" href=\"https:\/\/galgosenfamilia.org\/en\/galgos\/linan\/\" \/>\n<meta property=\"og:locale\" content=\"en_US\" \/>\n<meta property=\"og:type\" content=\"article\" \/>\n<meta property=\"og:title\" content=\"LI\u00d1\u00c1N - Galgos en Familia\" \/>\n<meta property=\"og:description\" content=\"Li\u00f1\u00e1n for adoption, galgo, male, shy,\" \/>\n<meta property=\"og:url\" content=\"https:\/\/galgosenfamilia.org\/en\/galgos\/linan\/\" \/>\n<meta property=\"og:site_name\" content=\"Galgos en Familia\" \/>\n<meta property=\"article:modified_time\" content=\"2025-11-15T19:09:38+00:00\" \/>\n<meta property=\"og:image\" content=\"https:\/\/galgosenfamilia.org\/wp-content\/uploads\/2025\/11\/WhatsApp-Image-2025-10-21-at-21.41.57-scaled.jpeg\" \/>\n\t<meta property=\"og:image:width\" content=\"2560\" \/>\n\t<meta property=\"og:image:height\" content=\"1920\" \/>\n\t<meta property=\"og:image:type\" content=\"image\/jpeg\" \/>\n<meta name=\"twitter:card\" content=\"summary_large_image\" \/>\n<meta name=\"twitter:label1\" content=\"Est. reading time\" \/>\n\t<meta name=\"twitter:data1\" content=\"1 minute\" \/>\n<script type=\"application\/ld+json\" class=\"yoast-schema-graph\">{\"@context\":\"https:\/\/schema.org\",\"@graph\":[{\"@type\":\"WebPage\",\"@id\":\"https:\/\/galgosenfamilia.org\/en\/galgos\/linan\/\",\"url\":\"https:\/\/galgosenfamilia.org\/en\/galgos\/linan\/\",\"name\":\"LI\u00d1\u00c1N - Galgos en Familia\",\"isPartOf\":{\"@id\":\"https:\/\/galgosenfamilia.org\/#website\"},\"primaryImageOfPage\":{\"@id\":\"https:\/\/galgosenfamilia.org\/en\/galgos\/linan\/#primaryimage\"},\"image\":{\"@id\":\"https:\/\/galgosenfamilia.org\/en\/galgos\/linan\/#primaryimage\"},\"thumbnailUrl\":\"https:\/\/galgosenfamilia.org\/wp-content\/uploads\/2025\/11\/WhatsApp-Image-2025-10-21-at-21.41.57-scaled.jpeg\",\"datePublished\":\"2025-11-15T19:05:26+00:00\",\"dateModified\":\"2025-11-15T19:09:38+00:00\",\"description\":\"Li\u00f1\u00e1n for adoption, galgo, male, shy,\",\"breadcrumb\":{\"@id\":\"https:\/\/galgosenfamilia.org\/en\/galgos\/linan\/#breadcrumb\"},\"inLanguage\":\"en-US\",\"potentialAction\":[{\"@type\":\"ReadAction\",\"target\":[\"https:\/\/galgosenfamilia.org\/en\/galgos\/linan\/\"]}]},{\"@type\":\"ImageObject\",\"inLanguage\":\"en-US\",\"@id\":\"https:\/\/galgosenfamilia.org\/en\/galgos\/linan\/#primaryimage\",\"url\":\"https:\/\/galgosenfamilia.org\/wp-content\/uploads\/2025\/11\/WhatsApp-Image-2025-10-21-at-21.41.57-scaled.jpeg\",\"contentUrl\":\"https:\/\/galgosenfamilia.org\/wp-content\/uploads\/2025\/11\/WhatsApp-Image-2025-10-21-at-21.41.57-scaled.jpeg\",\"width\":2560,\"height\":1920},{\"@type\":\"BreadcrumbList\",\"@id\":\"https:\/\/galgosenfamilia.org\/en\/galgos\/linan\/#breadcrumb\",\"itemListElement\":[{\"@type\":\"ListItem\",\"position\":1,\"name\":\"Portada\",\"item\":\"https:\/\/galgosenfamilia.org\/en\/\"},{\"@type\":\"ListItem\",\"position\":2,\"name\":\"Products\",\"item\":\"https:\/\/galgosenfamilia.org\/en\/tienda-cerrada-temporalmente__trashed\/\"},{\"@type\":\"ListItem\",\"position\":3,\"name\":\"LI\u00d1\u00c1N\"}]},{\"@type\":\"WebSite\",\"@id\":\"https:\/\/galgosenfamilia.org\/#website\",\"url\":\"https:\/\/galgosenfamilia.org\/\",\"name\":\"Galgos en Familia\",\"description\":\"Galgos en Familia es un proyecto de salvaci\u00f3n de galgos \/ Galgos en Familia is a galgo rescue project\",\"potentialAction\":[{\"@type\":\"SearchAction\",\"target\":{\"@type\":\"EntryPoint\",\"urlTemplate\":\"https:\/\/galgosenfamilia.org\/?s={search_term_string}\"},\"query-input\":{\"@type\":\"PropertyValueSpecification\",\"valueRequired\":true,\"valueName\":\"search_term_string\"}}],\"inLanguage\":\"en-US\"}]}<\/script>\n<!-- \/ Yoast SEO plugin. -->","yoast_head_json":{"title":"LI\u00d1\u00c1N - Galgos en Familia","description":"Li\u00f1\u00e1n for adoption, galgo, male, shy,","robots":{"index":"index","follow":"follow","max-snippet":"max-snippet:-1","max-image-preview":"max-image-preview:large","max-video-preview":"max-video-preview:-1"},"canonical":"https:\/\/galgosenfamilia.org\/en\/galgos\/linan\/","og_locale":"en_US","og_type":"article","og_title":"LI\u00d1\u00c1N - Galgos en Familia","og_description":"Li\u00f1\u00e1n for adoption, galgo, male, shy,","og_url":"https:\/\/galgosenfamilia.org\/en\/galgos\/linan\/","og_site_name":"Galgos en Familia","article_modified_time":"2025-11-15T19:09:38+00:00","og_image":[{"width":2560,"height":1920,"url":"https:\/\/galgosenfamilia.org\/wp-content\/uploads\/2025\/11\/WhatsApp-Image-2025-10-21-at-21.41.57-scaled.jpeg","type":"image\/jpeg"}],"twitter_card":"summary_large_image","twitter_misc":{"Est. reading time":"1 minute"},"schema":{"@context":"https:\/\/schema.org","@graph":[{"@type":"WebPage","@id":"https:\/\/galgosenfamilia.org\/en\/galgos\/linan\/","url":"https:\/\/galgosenfamilia.org\/en\/galgos\/linan\/","name":"LI\u00d1\u00c1N - Galgos en Familia","isPartOf":{"@id":"https:\/\/galgosenfamilia.org\/#website"},"primaryImageOfPage":{"@id":"https:\/\/galgosenfamilia.org\/en\/galgos\/linan\/#primaryimage"},"image":{"@id":"https:\/\/galgosenfamilia.org\/en\/galgos\/linan\/#primaryimage"},"thumbnailUrl":"https:\/\/galgosenfamilia.org\/wp-content\/uploads\/2025\/11\/WhatsApp-Image-2025-10-21-at-21.41.57-scaled.jpeg","datePublished":"2025-11-15T19:05:26+00:00","dateModified":"2025-11-15T19:09:38+00:00","description":"Li\u00f1\u00e1n for adoption, galgo, male, shy,","breadcrumb":{"@id":"https:\/\/galgosenfamilia.org\/en\/galgos\/linan\/#breadcrumb"},"inLanguage":"en-US","potentialAction":[{"@type":"ReadAction","target":["https:\/\/galgosenfamilia.org\/en\/galgos\/linan\/"]}]},{"@type":"ImageObject","inLanguage":"en-US","@id":"https:\/\/galgosenfamilia.org\/en\/galgos\/linan\/#primaryimage","url":"https:\/\/galgosenfamilia.org\/wp-content\/uploads\/2025\/11\/WhatsApp-Image-2025-10-21-at-21.41.57-scaled.jpeg","contentUrl":"https:\/\/galgosenfamilia.org\/wp-content\/uploads\/2025\/11\/WhatsApp-Image-2025-10-21-at-21.41.57-scaled.jpeg","width":2560,"height":1920},{"@type":"BreadcrumbList","@id":"https:\/\/galgosenfamilia.org\/en\/galgos\/linan\/#breadcrumb","itemListElement":[{"@type":"ListItem","position":1,"name":"Portada","item":"https:\/\/galgosenfamilia.org\/en\/"},{"@type":"ListItem","position":2,"name":"Products","item":"https:\/\/galgosenfamilia.org\/en\/tienda-cerrada-temporalmente__trashed\/"},{"@type":"ListItem","position":3,"name":"LI\u00d1\u00c1N"}]},{"@type":"WebSite","@id":"https:\/\/galgosenfamilia.org\/#website","url":"https:\/\/galgosenfamilia.org\/","name":"Galgos en Familia","description":"Galgos en Familia es un proyecto de salvaci\u00f3n de galgos \/ Galgos en Familia is a galgo rescue project","potentialAction":[{"@type":"SearchAction","target":{"@type":"EntryPoint","urlTemplate":"https:\/\/galgosenfamilia.org\/?s={search_term_string}"},"query-input":{"@type":"PropertyValueSpecification","valueRequired":true,"valueName":"search_term_string"}}],"inLanguage":"en-US"}]}},"_links":{"self":[{"href":"https:\/\/galgosenfamilia.org\/en\/wp-json\/wp\/v2\/product\/51448","targetHints":{"allow":["GET"]}}],"collection":[{"href":"https:\/\/galgosenfamilia.org\/en\/wp-json\/wp\/v2\/product"}],"about":[{"href":"https:\/\/galgosenfamilia.org\/en\/wp-json\/wp\/v2\/types\/product"}],"wp:featuredmedia":[{"embeddable":true,"href":"https:\/\/galgosenfamilia.org\/en\/wp-json\/wp\/v2\/media\/51433"}],"wp:attachment":[{"href":"https:\/\/galgosenfamilia.org\/en\/wp-json\/wp\/v2\/media?parent=51448"}],"wp:term":[{"taxonomy":"product_brand","embeddable":true,"href":"https:\/\/galgosenfamilia.org\/en\/wp-json\/wp\/v2\/product_brand?post=51448"},{"taxonomy":"product_cat","embeddable":true,"href":"https:\/\/galgosenfamilia.org\/en\/wp-json\/wp\/v2\/product_cat?post=51448"},{"taxonomy":"product_tag","embeddable":true,"href":"https:\/\/galgosenfamilia.org\/en\/wp-json\/wp\/v2\/product_tag?post=51448"}],"curies":[{"name":"wp","href":"https:\/\/api.w.org\/{rel}","templated":true}]}}